{"id":285,"date":"2024-01-29T20:00:04","date_gmt":"2024-01-29T19:00:04","guid":{"rendered":"https:\/\/beautyroomlugano.ch\/?page_id=285"},"modified":"2025-03-16T13:45:55","modified_gmt":"2025-03-16T12:45:55","slug":"285-2","status":"publish","type":"page","link":"https:\/\/beautyroomlugano.ch\/index.php\/285-2\/","title":{"rendered":"contattaci"},"content":{"rendered":"<p>[et_pb_section fb_built=&#8221;1&#8243; admin_label=&#8221;Footer&#8221; _builder_version=&#8221;4.23.4&#8243; _module_preset=&#8221;default&#8221; background_color=&#8221;gcid-904649ba-8489-45ef-bc4d-794bd4d0fcba&#8221; background_enable_image=&#8221;off&#8221; custom_padding=&#8221;2px|||||&#8221; saved_tabs=&#8221;all&#8221; collapsed=&#8221;on&#8221; global_colors_info=&#8221;{%22gcid-904649ba-8489-45ef-bc4d-794bd4d0fcba%22:%91%22background_color%22%93}&#8221;][et_pb_row _builder_version=&#8221;4.20.0&#8243; _module_preset=&#8221;default&#8221; global_colors_info=&#8221;{}&#8221;][et_pb_column type=&#8221;4_4&#8243; _builder_version=&#8221;4.20.0&#8243; _module_preset=&#8221;default&#8221; global_colors_info=&#8221;{}&#8221;][et_pb_text _builder_version=&#8221;4.16&#8243; _module_preset=&#8221;6f548b3d-72f5-4bc2-8bed-0b5ac875d444&#8243; header_4_font=&#8221;Lato|700||on|||||&#8221; header_4_text_color=&#8221;#926e38&#8243; header_4_font_size=&#8221;14px&#8221; header_4_letter_spacing=&#8221;1px&#8221; header_4_line_height=&#8221;1.4em&#8221; text_orientation=&#8221;center&#8221; custom_margin=&#8221;||0px||false|false&#8221; custom_padding=&#8221;40px|||||&#8221; global_colors_info=&#8221;{%22gcid-97182601-61ab-4626-954a-29b0757ae92a%22:%91%22header_4_text_color%22%93}&#8221;]<\/p>\n<h4>#contatto<\/h4>\n<p>[\/et_pb_text][et_pb_text _builder_version=&#8221;4.20.0&#8243; _module_preset=&#8221;1704c0d8-3923-4f63-89f1-20fae37a1849&#8243; header_2_font=&#8221;Playfair Display|500|||||||&#8221; header_2_font_size=&#8221;48px&#8221; header_2_line_height=&#8221;1.2em&#8221; text_orientation=&#8221;center&#8221; custom_margin=&#8221;||17px|||&#8221; header_2_font_size_tablet=&#8221;32px&#8221; header_2_font_size_phone=&#8221;20px&#8221; header_2_font_size_last_edited=&#8221;on|desktop&#8221; global_colors_info=&#8221;{}&#8221;]<\/p>\n<h2>Siamo qui per te<\/h2>\n<p>[\/et_pb_text][\/et_pb_column][\/et_pb_row][et_pb_row column_structure=&#8221;1_3,1_3,1_3&#8243; _builder_version=&#8221;4.16&#8243; _module_preset=&#8221;default&#8221; global_colors_info=&#8221;{}&#8221;][et_pb_column type=&#8221;1_3&#8243; _builder_version=&#8221;4.20.0&#8243; _module_preset=&#8221;default&#8221; global_colors_info=&#8221;{}&#8221;][et_pb_text _builder_version=&#8221;4.23.4&#8243; _module_preset=&#8221;de754158-8e74-414d-a3a6-f39d2a09ba85&#8243; text_font=&#8221;Lato||||||||&#8221; text_text_color=&#8221;gcid-593669bf-7b77-45f1-89ce-cfe13309ccf8&#8243; text_line_height=&#8221;1.6em&#8221; link_text_color=&#8221;gcid-593669bf-7b77-45f1-89ce-cfe13309ccf8&#8243; text_orientation=&#8221;center&#8221; custom_margin=&#8221;||-1px|||&#8221; global_colors_info=&#8221;{%22gcid-593669bf-7b77-45f1-89ce-cfe13309ccf8%22:%91%22text_text_color%22,%22link_text_color%22%93}&#8221;]<\/p>\n<p style=\"text-align: center;\"><a href=\"https:\/\/www.instagram.com\/beautyroomlugano\/\" target=\"_blank\" rel=\"noopener\"><br \/><img loading=\"lazy\" decoding=\"async\" src=\"https:\/\/beautyroomlugano.ch\/wp-content\/uploads\/2024\/01\/instagram_2111463-300x300.png\" width=\"29\" height=\"29\" alt=\"\" class=\"wp-image-42 alignnone size-medium\" style=\"display: block; margin-left: auto; margin-right: auto;\" \/><\/a><\/p>\n<p style=\"text-align: center;\"><a href=\"https:\/\/www.instagram.com\/beautyroomlugano\/\" target=\"_blank\" rel=\"noopener\">@beautyroomlugano<\/a><\/p>\n<p>&nbsp;<\/p>\n<p>[\/et_pb_text][et_pb_text _builder_version=&#8221;4.23.4&#8243; _module_preset=&#8221;de754158-8e74-414d-a3a6-f39d2a09ba85&#8243; text_font=&#8221;Lato||||||||&#8221; text_text_color=&#8221;gcid-593669bf-7b77-45f1-89ce-cfe13309ccf8&#8243; text_line_height=&#8221;1.6em&#8221; link_text_color=&#8221;gcid-593669bf-7b77-45f1-89ce-cfe13309ccf8&#8243; text_orientation=&#8221;center&#8221; global_colors_info=&#8221;{%22gcid-593669bf-7b77-45f1-89ce-cfe13309ccf8%22:%91%22text_text_color%22,%22link_text_color%22%93}&#8221;]<\/p>\n<p style=\"text-align: center;\"><a href=\"https:\/\/www.facebook.com\/beautyroomlugano\/\" target=\"_blank\" rel=\"noopener\"><br \/><img loading=\"lazy\" decoding=\"async\" src=\"https:\/\/beautyroomlugano.ch\/wp-content\/uploads\/2024\/01\/facebook_5968764-300x300.png\" width=\"29\" height=\"29\" alt=\"\" class=\"wp-image-44 alignnone size-medium\" style=\"display: block; margin-left: auto; margin-right: auto;\" \/><\/a><\/p>\n<p style=\"text-align: center;\"><a href=\"https:\/\/www.facebook.com\/beautyroomlugano\/\" target=\"_blank\" rel=\"noopener\">Beauty Room Lugano<\/a><\/p>\n<p>[\/et_pb_text][et_pb_text _builder_version=&#8221;4.23.4&#8243; _module_preset=&#8221;de754158-8e74-414d-a3a6-f39d2a09ba85&#8243; text_font=&#8221;Lato||||||||&#8221; text_text_color=&#8221;gcid-593669bf-7b77-45f1-89ce-cfe13309ccf8&#8243; text_line_height=&#8221;1.6em&#8221; link_text_color=&#8221;gcid-593669bf-7b77-45f1-89ce-cfe13309ccf8&#8243; text_orientation=&#8221;center&#8221; custom_margin=&#8221;||8px|||&#8221; global_colors_info=&#8221;{%22gcid-593669bf-7b77-45f1-89ce-cfe13309ccf8%22:%91%22text_text_color%22,%22link_text_color%22%93}&#8221;]<\/p>\n<p style=\"text-align: center;\"><a href=\"https:\/\/www.tiktok.com\/@beautyroomlvga\" target=\"_blank\" rel=\"noopener\"><br \/><img loading=\"lazy\" decoding=\"async\" src=\"https:\/\/beautyroomlugano.ch\/wp-content\/uploads\/2024\/01\/tik-tok_3046126-300x300.png\" width=\"29\" height=\"29\" alt=\"\" class=\"wp-image-45 alignnone size-medium\" style=\"display: block; margin-left: auto; margin-right: auto;\" \/><\/a><\/p>\n<p style=\"text-align: center;\"><a href=\"https:\/\/www.tiktok.com\/@beautyroomlvga\" target=\"_blank\" rel=\"noopener\">@beautyroomlvga<\/a><\/p>\n<p>[\/et_pb_text][\/et_pb_column][et_pb_column type=&#8221;1_3&#8243; _builder_version=&#8221;4.20.0&#8243; _module_preset=&#8221;default&#8221; global_colors_info=&#8221;{}&#8221;][et_pb_text _builder_version=&#8221;4.20.0&#8243; _module_preset=&#8221;45f20c82-360a-4a44-a33e-680c466ab4ef&#8221; header_4_font=&#8221;Playfair Display|500|||||||&#8221; header_4_text_color=&#8221;gcid-97182601-61ab-4626-954a-29b0757ae92a&#8221; header_4_font_size=&#8221;19px&#8221; header_4_line_height=&#8221;1.4em&#8221; text_orientation=&#8221;center&#8221; custom_margin=&#8221;||0px||false|false&#8221; header_4_font_size_tablet=&#8221;16px&#8221; header_4_font_size_phone=&#8221;15px&#8221; header_4_font_size_last_edited=&#8221;on|desktop&#8221; global_colors_info=&#8221;{%22gcid-97182601-61ab-4626-954a-29b0757ae92a%22:%91%22header_4_text_color%22%93}&#8221;]<\/p>\n<h4>Location<\/h4>\n<p>[\/et_pb_text][et_pb_text _builder_version=&#8221;4.16&#8243; _module_preset=&#8221;de754158-8e74-414d-a3a6-f39d2a09ba85&#8243; text_font=&#8221;Lato||||||||&#8221; text_text_color=&#8221;gcid-593669bf-7b77-45f1-89ce-cfe13309ccf8&#8243; text_line_height=&#8221;1.6em&#8221; link_text_color=&#8221;gcid-593669bf-7b77-45f1-89ce-cfe13309ccf8&#8243; text_orientation=&#8221;center&#8221; custom_margin=&#8221;||11px|||&#8221; global_colors_info=&#8221;{%22gcid-593669bf-7b77-45f1-89ce-cfe13309ccf8%22:%91%22text_text_color%22,%22link_text_color%22%93}&#8221;]<\/p>\n<p>Via Adamini 32, 6900 Lugano<\/p>\n<p>[\/et_pb_text][et_pb_code _builder_version=&#8221;4.23.4&#8243; _module_preset=&#8221;default&#8221; global_colors_info=&#8221;{}&#8221;]<\/p>\n<div style=\"text-align: center;\"><!-- [et_pb_line_break_holder] -->    <a href=\"https:\/\/beautyroomlugano.ch\/wp-content\/uploads\/2024\/02\/Beauty-Room-Lugano-Dove.pdf\" class=\"btn btn-primary\" role=\"button\" download=\"Posizione Centro Estetico\" style=\"border: 2px solid #000000; padding: 10px 20px; color: black; text-decoration: none; font-size: 16px; display: inline-block;\">Visualizza mappa<\/a><!-- [et_pb_line_break_holder] --><\/div>\n<p>[\/et_pb_code][et_pb_text _builder_version=&#8221;4.20.0&#8243; _module_preset=&#8221;45f20c82-360a-4a44-a33e-680c466ab4ef&#8221; header_4_font=&#8221;Playfair Display|500|||||||&#8221; header_4_text_color=&#8221;gcid-97182601-61ab-4626-954a-29b0757ae92a&#8221; header_4_font_size=&#8221;19px&#8221; header_4_line_height=&#8221;1.4em&#8221; text_orientation=&#8221;center&#8221; custom_margin=&#8221;||0px||false|false&#8221; header_4_font_size_tablet=&#8221;16px&#8221; header_4_font_size_phone=&#8221;15px&#8221; header_4_font_size_last_edited=&#8221;on|desktop&#8221; global_colors_info=&#8221;{%22gcid-97182601-61ab-4626-954a-29b0757ae92a%22:%91%22header_4_text_color%22%93}&#8221;]<\/p>\n<h4>Email<\/h4>\n<p>[\/et_pb_text][et_pb_text _builder_version=&#8221;4.16&#8243; _module_preset=&#8221;de754158-8e74-414d-a3a6-f39d2a09ba85&#8243; text_font=&#8221;Lato||||||||&#8221; text_text_color=&#8221;gcid-593669bf-7b77-45f1-89ce-cfe13309ccf8&#8243; text_line_height=&#8221;1.6em&#8221; link_text_color=&#8221;gcid-593669bf-7b77-45f1-89ce-cfe13309ccf8&#8243; text_orientation=&#8221;center&#8221; global_colors_info=&#8221;{%22gcid-593669bf-7b77-45f1-89ce-cfe13309ccf8%22:%91%22text_text_color%22,%22link_text_color%22%93}&#8221;]<\/p>\n<p>info@beautyroomlugano.ch<\/p>\n<p>[\/et_pb_text][et_pb_text _builder_version=&#8221;4.20.0&#8243; _module_preset=&#8221;45f20c82-360a-4a44-a33e-680c466ab4ef&#8221; header_4_font=&#8221;Playfair Display|500|||||||&#8221; header_4_text_color=&#8221;gcid-97182601-61ab-4626-954a-29b0757ae92a&#8221; header_4_font_size=&#8221;19px&#8221; header_4_line_height=&#8221;1.4em&#8221; text_orientation=&#8221;center&#8221; custom_margin=&#8221;||0px||false|false&#8221; header_4_font_size_tablet=&#8221;16px&#8221; header_4_font_size_phone=&#8221;15px&#8221; header_4_font_size_last_edited=&#8221;on|desktop&#8221; global_colors_info=&#8221;{%22gcid-97182601-61ab-4626-954a-29b0757ae92a%22:%91%22header_4_text_color%22%93}&#8221;]<\/p>\n<h4>Phone<\/h4>\n<p>[\/et_pb_text][et_pb_text _builder_version=&#8221;4.23.4&#8243; _module_preset=&#8221;de754158-8e74-414d-a3a6-f39d2a09ba85&#8243; text_font=&#8221;Lato||||||||&#8221; text_text_color=&#8221;gcid-593669bf-7b77-45f1-89ce-cfe13309ccf8&#8243; text_line_height=&#8221;1.6em&#8221; link_text_color=&#8221;gcid-593669bf-7b77-45f1-89ce-cfe13309ccf8&#8243; text_orientation=&#8221;center&#8221; global_colors_info=&#8221;{%22gcid-593669bf-7b77-45f1-89ce-cfe13309ccf8%22:%91%22text_text_color%22,%22link_text_color%22%93}&#8221;]<\/p>\n<p>(+41) 76 415 26 05<\/p>\n<p>[\/et_pb_text][\/et_pb_column][et_pb_column type=&#8221;1_3&#8243; _builder_version=&#8221;4.20.0&#8243; _module_preset=&#8221;default&#8221; global_colors_info=&#8221;{}&#8221;][et_pb_text _builder_version=&#8221;4.21.0&#8243; _module_preset=&#8221;45f20c82-360a-4a44-a33e-680c466ab4ef&#8221; header_4_font=&#8221;Playfair Display|500|||||||&#8221; header_4_text_color=&#8221;gcid-97182601-61ab-4626-954a-29b0757ae92a&#8221; header_4_font_size=&#8221;19px&#8221; header_4_line_height=&#8221;1.4em&#8221; text_orientation=&#8221;center&#8221; custom_margin=&#8221;||1px||false|false&#8221; header_4_font_size_tablet=&#8221;16px&#8221; header_4_font_size_phone=&#8221;15px&#8221; header_4_font_size_last_edited=&#8221;on|desktop&#8221; global_colors_info=&#8221;{%22gcid-97182601-61ab-4626-954a-29b0757ae92a%22:%91%22header_4_text_color%22%93}&#8221;]<\/p>\n<h4>Hours<\/h4>\n<p>[\/et_pb_text][et_pb_text _builder_version=&#8221;4.23.4&#8243; _module_preset=&#8221;de754158-8e74-414d-a3a6-f39d2a09ba85&#8243; text_font=&#8221;Lato||||||||&#8221; text_text_color=&#8221;gcid-593669bf-7b77-45f1-89ce-cfe13309ccf8&#8243; text_line_height=&#8221;1.6em&#8221; link_text_color=&#8221;gcid-593669bf-7b77-45f1-89ce-cfe13309ccf8&#8243; text_orientation=&#8221;center&#8221; custom_margin=&#8221;||0px||false|false&#8221; global_colors_info=&#8221;{%22gcid-593669bf-7b77-45f1-89ce-cfe13309ccf8%22:%91%22text_text_color%22,%22link_text_color%22%93}&#8221;]<\/p>\n<p>Luned\u00ec &#8211; Venerd\u00ec: 09:00 &#8211; 19:00<\/p>\n<p>[\/et_pb_text][et_pb_text _builder_version=&#8221;4.23.4&#8243; _module_preset=&#8221;de754158-8e74-414d-a3a6-f39d2a09ba85&#8243; text_font=&#8221;Lato||||||||&#8221; text_text_color=&#8221;gcid-593669bf-7b77-45f1-89ce-cfe13309ccf8&#8243; text_line_height=&#8221;1.6em&#8221; link_text_color=&#8221;gcid-593669bf-7b77-45f1-89ce-cfe13309ccf8&#8243; text_orientation=&#8221;center&#8221; custom_margin=&#8221;||0px||false|false&#8221; global_colors_info=&#8221;{%22gcid-593669bf-7b77-45f1-89ce-cfe13309ccf8%22:%91%22text_text_color%22,%22link_text_color%22%93}&#8221;]<\/p>\n<p>Sabato: 09:00 &#8211; 17:00<\/p>\n<p>[\/et_pb_text][et_pb_text _builder_version=&#8221;4.23.4&#8243; _module_preset=&#8221;de754158-8e74-414d-a3a6-f39d2a09ba85&#8243; text_font=&#8221;Lato||||||||&#8221; text_text_color=&#8221;gcid-593669bf-7b77-45f1-89ce-cfe13309ccf8&#8243; text_line_height=&#8221;1.6em&#8221; link_text_color=&#8221;gcid-593669bf-7b77-45f1-89ce-cfe13309ccf8&#8243; text_orientation=&#8221;center&#8221; global_colors_info=&#8221;{%22gcid-593669bf-7b77-45f1-89ce-cfe13309ccf8%22:%91%22text_text_color%22,%22link_text_color%22%93}&#8221;]<\/p>\n<p>Domenica: Chiuso<\/p>\n<p>[\/et_pb_text][\/et_pb_column][\/et_pb_row][\/et_pb_section][et_pb_section fb_built=&#8221;1&#8243; _builder_version=&#8221;4.27.4&#8243; _module_preset=&#8221;default&#8221; global_colors_info=&#8221;{}&#8221; disabled_on=&#8221;on|on|on&#8221; disabled=&#8221;on&#8221;][et_pb_row _builder_version=&#8221;4.27.4&#8243; _module_preset=&#8221;default&#8221; global_colors_info=&#8221;{}&#8221;][et_pb_column type=&#8221;4_4&#8243; _builder_version=&#8221;4.27.4&#8243; _module_preset=&#8221;default&#8221; global_colors_info=&#8221;{}&#8221;][et_pb_contact_form email=&#8221;info@beautyroomlugano.ch&#8221; title=&#8221;Prenotazione Veloce&#8221; custom_message=&#8221;Proposta di Riservazione (Nuovo Cliente)||et_pb_line_break_holder||&#8212;||et_pb_line_break_holder||Nome: %%Name%%||et_pb_line_break_holder||Indirizzo Email: %%Email%%||et_pb_line_break_holder||Numero di telefono: %%Telefono%%||et_pb_line_break_holder||Data proposta: %%Data%%||et_pb_line_break_holder||Orario proposto: %%Orario%%||et_pb_line_break_holder||Dettagli aggiuntivi per la riservazione: %%Messaggio%%||et_pb_line_break_holder||&#8212;||et_pb_line_break_holder||||et_pb_line_break_holder||CONFERMARE LA DISPONIBILIT\u00c0 QUANDO POSSIBILE!&#8221; success_message=&#8221;La richiesta \u00e9 stata inoltrata con successo! Verr\u00e0 confermata la riservazone il prima possibile!  &#8221; submit_button_text=&#8221;Invio&#8221; _builder_version=&#8221;4.27.4&#8243; _module_preset=&#8221;default&#8221; _unique_id=&#8221;d2b1fb94-83fb-42db-9fb4-327635a1c6e9&#8243; global_colors_info=&#8221;{}&#8221;][et_pb_contact_field field_id=&#8221;Name&#8221; field_title=&#8221;Nome&#8221; _builder_version=&#8221;4.27.4&#8243; global_colors_info=&#8221;{}&#8221; button_text_size__hover_enabled=&#8221;off&#8221; button_one_text_size__hover_enabled=&#8221;off&#8221; button_two_text_size__hover_enabled=&#8221;off&#8221; button_text_color__hover_enabled=&#8221;off&#8221; button_one_text_color__hover_enabled=&#8221;off&#8221; button_two_text_color__hover_enabled=&#8221;off&#8221; button_border_width__hover_enabled=&#8221;off&#8221; button_one_border_width__hover_enabled=&#8221;off&#8221; button_two_border_width__hover_enabled=&#8221;off&#8221; button_border_color__hover_enabled=&#8221;off&#8221; button_one_border_color__hover_enabled=&#8221;off&#8221; button_two_border_color__hover_enabled=&#8221;off&#8221; button_border_radius__hover_enabled=&#8221;off&#8221; button_one_border_radius__hover_enabled=&#8221;off&#8221; button_two_border_radius__hover_enabled=&#8221;off&#8221; button_letter_spacing__hover_enabled=&#8221;off&#8221; button_one_letter_spacing__hover_enabled=&#8221;off&#8221; button_two_letter_spacing__hover_enabled=&#8221;off&#8221; button_bg_color__hover_enabled=&#8221;off&#8221; button_one_bg_color__hover_enabled=&#8221;off&#8221; button_two_bg_color__hover_enabled=&#8221;off&#8221;][\/et_pb_contact_field][et_pb_contact_field field_id=&#8221;Email&#8221; field_title=&#8221;Email&#8221; field_type=&#8221;email&#8221; _builder_version=&#8221;4.27.4&#8243; global_colors_info=&#8221;{}&#8221; button_text_size__hover_enabled=&#8221;off&#8221; button_one_text_size__hover_enabled=&#8221;off&#8221; button_two_text_size__hover_enabled=&#8221;off&#8221; button_text_color__hover_enabled=&#8221;off&#8221; button_one_text_color__hover_enabled=&#8221;off&#8221; button_two_text_color__hover_enabled=&#8221;off&#8221; button_border_width__hover_enabled=&#8221;off&#8221; button_one_border_width__hover_enabled=&#8221;off&#8221; button_two_border_width__hover_enabled=&#8221;off&#8221; button_border_color__hover_enabled=&#8221;off&#8221; button_one_border_color__hover_enabled=&#8221;off&#8221; button_two_border_color__hover_enabled=&#8221;off&#8221; button_border_radius__hover_enabled=&#8221;off&#8221; button_one_border_radius__hover_enabled=&#8221;off&#8221; button_two_border_radius__hover_enabled=&#8221;off&#8221; button_letter_spacing__hover_enabled=&#8221;off&#8221; button_one_letter_spacing__hover_enabled=&#8221;off&#8221; button_two_letter_spacing__hover_enabled=&#8221;off&#8221; button_bg_color__hover_enabled=&#8221;off&#8221; button_one_bg_color__hover_enabled=&#8221;off&#8221; button_two_bg_color__hover_enabled=&#8221;off&#8221;][\/et_pb_contact_field][et_pb_contact_field field_id=&#8221;Telefono&#8221; field_title=&#8221;Nr. Telefono&#8221; allowed_symbols=&#8221;numbers&#8221; fullwidth_field=&#8221;on&#8221; _builder_version=&#8221;4.27.4&#8243; _module_preset=&#8221;default&#8221; global_colors_info=&#8221;{}&#8221;][\/et_pb_contact_field][et_pb_contact_field field_id=&#8221;Data&#8221; field_title=&#8221;Data (es. 01.01.25 \/ %22Luned\u00ec prossimo%22)&#8221; _builder_version=&#8221;4.27.4&#8243; _module_preset=&#8221;default&#8221; global_colors_info=&#8221;{}&#8221;][\/et_pb_contact_field][et_pb_contact_field field_id=&#8221;Orario&#8221; field_title=&#8221;Orario preferenziale&#8221; field_type=&#8221;select&#8221; select_options=&#8221;%91{%22value%22:%229:00%22,%22checked%22:0,%22dragID%22:-1},{%22value%22:%229:30%22,%22checked%22:0,%22dragID%22:0},{%22value%22:%2210:00%22,%22checked%22:0,%22dragID%22:1},{%22value%22:%2210:30%22,%22checked%22:0,%22dragID%22:2},{%22value%22:%2211:00%22,%22checked%22:0,%22dragID%22:3},{%22value%22:%2211:30%22,%22checked%22:0,%22dragID%22:4},{%22value%22:%2212:00%22,%22checked%22:0,%22dragID%22:5},{%22value%22:%2212:30%22,%22checked%22:0,%22dragID%22:6},{%22value%22:%2213:00%22,%22checked%22:0,%22dragID%22:7},{%22value%22:%2213:30%22,%22checked%22:0,%22dragID%22:8},{%22value%22:%2214:00%22,%22checked%22:0,%22dragID%22:9},{%22value%22:%2214:30%22,%22checked%22:0,%22dragID%22:10},{%22value%22:%2215:00%22,%22checked%22:0,%22dragID%22:11},{%22value%22:%2215:30%22,%22checked%22:0,%22dragID%22:12},{%22value%22:%2216:00%22,%22checked%22:0,%22dragID%22:13},{%22value%22:%2216:30%22,%22checked%22:0,%22dragID%22:14},{%22value%22:%2217:00%22,%22checked%22:0,%22dragID%22:15},{%22value%22:%2217:30%22,%22checked%22:0,%22dragID%22:16},{%22value%22:%2218:00%22,%22checked%22:0,%22dragID%22:17},{%22value%22:%2218:30%22,%22checked%22:0,%22dragID%22:18},{%22value%22:%2219:00%22,%22checked%22:0,%22dragID%22:19}%93&#8243; _builder_version=&#8221;4.27.4&#8243; _module_preset=&#8221;default&#8221; global_colors_info=&#8221;{}&#8221;][\/et_pb_contact_field][et_pb_contact_field field_id=&#8221;Messaggio&#8221; field_title=&#8221;Dettagli aggiuntivi per la riservazione&#8221; field_type=&#8221;text&#8221; fullwidth_field=&#8221;on&#8221; _builder_version=&#8221;4.27.4&#8243; global_colors_info=&#8221;{}&#8221; button_text_size__hover_enabled=&#8221;off&#8221; button_one_text_size__hover_enabled=&#8221;off&#8221; button_two_text_size__hover_enabled=&#8221;off&#8221; button_text_color__hover_enabled=&#8221;off&#8221; button_one_text_color__hover_enabled=&#8221;off&#8221; button_two_text_color__hover_enabled=&#8221;off&#8221; button_border_width__hover_enabled=&#8221;off&#8221; button_one_border_width__hover_enabled=&#8221;off&#8221; button_two_border_width__hover_enabled=&#8221;off&#8221; button_border_color__hover_enabled=&#8221;off&#8221; button_one_border_color__hover_enabled=&#8221;off&#8221; button_two_border_color__hover_enabled=&#8221;off&#8221; button_border_radius__hover_enabled=&#8221;off&#8221; button_one_border_radius__hover_enabled=&#8221;off&#8221; button_two_border_radius__hover_enabled=&#8221;off&#8221; button_letter_spacing__hover_enabled=&#8221;off&#8221; button_one_letter_spacing__hover_enabled=&#8221;off&#8221; button_two_letter_spacing__hover_enabled=&#8221;off&#8221; button_bg_color__hover_enabled=&#8221;off&#8221; button_one_bg_color__hover_enabled=&#8221;off&#8221; button_two_bg_color__hover_enabled=&#8221;off&#8221;][\/et_pb_contact_field][\/et_pb_contact_form][\/et_pb_column][\/et_pb_row][\/et_pb_section]<\/p>\n","protected":false},"excerpt":{"rendered":"<p>#contattoSiamo qui per te @beautyroomlugano &nbsp; Beauty Room Lugano @beautyroomlvgaLocationVia Adamini 32, 6900 LuganoEmailinfo@beautyroomlugano.chPhone(+41) 76 415 26 05HoursLuned\u00ec &#8211; Venerd\u00ec: 09:00 &#8211; 19:00Sabato: 09:00 &#8211; 17:00Domenica: Chiuso<\/p>\n","protected":false},"author":1,"featured_media":0,"parent":0,"menu_order":0,"comment_status":"closed","ping_status":"closed","template":"","meta":{"_et_pb_use_builder":"on","_et_pb_old_content":"","_et_gb_content_width":"","footnotes":""},"class_list":["post-285","page","type-page","status-publish","hentry"],"_links":{"self":[{"href":"https:\/\/beautyroomlugano.ch\/index.php\/wp-json\/wp\/v2\/pages\/285","targetHints":{"allow":["GET"]}}],"collection":[{"href":"https:\/\/beautyroomlugano.ch\/index.php\/wp-json\/wp\/v2\/pages"}],"about":[{"href":"https:\/\/beautyroomlugano.ch\/index.php\/wp-json\/wp\/v2\/types\/page"}],"author":[{"embeddable":true,"href":"https:\/\/beautyroomlugano.ch\/index.php\/wp-json\/wp\/v2\/users\/1"}],"replies":[{"embeddable":true,"href":"https:\/\/beautyroomlugano.ch\/index.php\/wp-json\/wp\/v2\/comments?post=285"}],"version-history":[{"count":16,"href":"https:\/\/beautyroomlugano.ch\/index.php\/wp-json\/wp\/v2\/pages\/285\/revisions"}],"predecessor-version":[{"id":571,"href":"https:\/\/beautyroomlugano.ch\/index.php\/wp-json\/wp\/v2\/pages\/285\/revisions\/571"}],"wp:attachment":[{"href":"https:\/\/beautyroomlugano.ch\/index.php\/wp-json\/wp\/v2\/media?parent=285"}],"curies":[{"name":"wp","href":"https:\/\/api.w.org\/{rel}","templated":true}]}}